{"id":1831,"date":"2026-03-01T23:31:48","date_gmt":"2026-03-01T23:31:48","guid":{"rendered":"https:\/\/byrost.bcardmexico.com\/?post_type=product&#038;p=1831"},"modified":"2026-03-01T23:32:45","modified_gmt":"2026-03-01T23:32:45","slug":"veladora-esoterica-2","status":"publish","type":"product","link":"https:\/\/byrost.bcardmexico.com\/index.php\/product\/veladora-esoterica-2\/","title":{"rendered":"Veladora Esoterica 2"},"content":{"rendered":"<ul class=\"a-unordered-list a-vertical a-spacing-mini\">\n<li class=\"a-spacing-mini\"><span class=\"a-list-item\">Veladoras ritualizadas para distintos prop\u00f3sitos Cada pieza est\u00e1 cargada energ\u00e9ticamente para ayudarte en temas como amor, dinero, protecci\u00f3n, salud, trabajo, entre otros.<\/span><\/li>\n<li class=\"a-spacing-mini\"><span class=\"a-list-item\">\ud83d\udd6f\ufe0f Ideal para rituales, limpias y meditaciones Perfectas para quienes practican santer\u00eda, magia blanca o desean elevar su espiritualidad desde casa.<\/span><\/li>\n<li class=\"a-spacing-mini\"><span class=\"a-list-item\">\ud83c\udf3f Fragancia arom\u00e1tica que armoniza el ambiente Su aroma suave crea un espacio de paz, relajaci\u00f3n y enfoque, ideal para tus momentos de conexi\u00f3n espiritual.<\/span><\/li>\n<li class=\"a-spacing-mini\"><span class=\"a-list-item\">\ud83d\udee1\ufe0f Preparadas artesanalmente con ingredientes esot\u00e9ricos Incluyen aceites, esencias y elementos tradicionales que potencian la intenci\u00f3n de cada veladora.<\/span><\/li>\n<li class=\"a-spacing-mini\"><span class=\"a-list-item\">\ud83d\udccf Tama\u00f1o pr\u00e1ctico y presentaci\u00f3n variada Con dimensiones de 5.5 cm x 20 cm, se adaptan f\u00e1cilmente a cualquier altar o espacio sagrado.<\/span><\/li>\n<li class=\"a-spacing-mini\"><span class=\"a-list-item\">\ud83c\udf08 F\u00e1ciles de usar para expertos y principiantes Solo elige la veladora que corresponde a tu intenci\u00f3n, enci\u00e9ndela con fe y permite que su energ\u00eda te gu\u00ede.<\/span><\/li>\n<li class=\"a-spacing-mini\"><span class=\"a-list-item\">\ud83c\udf81 Regalo espiritual con gran significado Sorprende a alguien especial con un set lleno de intenci\u00f3n, energ\u00eda positiva y protecci\u00f3n.<\/span><\/li>\n<\/ul>\n","protected":false},"excerpt":{"rendered":"<p><span class=\"a-list-item\">deal para rituales, limpias y meditaciones Perfectas para quienes practican santer\u00eda, magia blanca o desean elevar su espiritualidad desde casa.<\/span><\/p>\n","protected":false},"featured_media":1832,"comment_status":"open","ping_status":"closed","template":"","meta":[],"etheme_brands":[],"product_brand":[],"product_cat":[30],"product_tag":[],"class_list":{"0":"post-1831","1":"product","2":"type-product","3":"status-publish","4":"has-post-thumbnail","6":"product_cat-veladoras","8":"first","9":"instock","10":"shipping-taxable","11":"product-type-simple"},"yoast_head":"<!-- This site is optimized with the Yoast SEO Premium plugin v23.4 (Yoast SEO v23.4) - https:\/\/yoast.com\/wordpress\/plugins\/seo\/ -->\n<title>Veladora Esoterica 2 - Future Investments<\/title>\n<meta name=\"robots\" content=\"index, follow, max-snippet:-1, max-image-preview:large, max-video-preview:-1\" \/>\n<link rel=\"canonical\" href=\"https:\/\/byrost.bcardmexico.com\/index.php\/product\/veladora-esoterica-2\/\" \/>\n<meta property=\"og:locale\" content=\"en_US\" \/>\n<meta property=\"og:type\" content=\"article\" \/>\n<meta property=\"og:title\" content=\"Veladora Esoterica 2\" \/>\n<meta property=\"og:description\" content=\"deal para rituales, limpias y meditaciones Perfectas para quienes practican santer\u00eda, magia blanca o desean elevar su espiritualidad desde casa.\" \/>\n<meta property=\"og:url\" content=\"https:\/\/byrost.bcardmexico.com\/index.php\/product\/veladora-esoterica-2\/\" \/>\n<meta property=\"og:site_name\" content=\"Future Investments\" \/>\n<meta property=\"article:modified_time\" content=\"2026-03-01T23:32:45+00:00\" \/>\n<meta property=\"og:image\" content=\"https:\/\/byrost.bcardmexico.com\/wp-content\/uploads\/2026\/03\/Veladora-Esoterica.jpg\" \/>\n\t<meta property=\"og:image:width\" content=\"1080\" \/>\n\t<meta property=\"og:image:height\" content=\"1080\" \/>\n\t<meta property=\"og:image:type\" content=\"image\/jpeg\" \/>\n<meta name=\"twitter:card\" content=\"summary_large_image\" \/>\n<meta name=\"twitter:label1\" content=\"Est. reading time\" \/>\n\t<meta name=\"twitter:data1\" content=\"1 minute\" \/>\n<script type=\"application\/ld+json\" class=\"yoast-schema-graph\">{\"@context\":\"https:\/\/schema.org\",\"@graph\":[{\"@type\":\"WebPage\",\"@id\":\"https:\/\/byrost.bcardmexico.com\/index.php\/product\/veladora-esoterica-2\/\",\"url\":\"https:\/\/byrost.bcardmexico.com\/index.php\/product\/veladora-esoterica-2\/\",\"name\":\"Veladora Esoterica 2 - Future Investments\",\"isPartOf\":{\"@id\":\"https:\/\/byrost.bcardmexico.com\/#website\"},\"primaryImageOfPage\":{\"@id\":\"https:\/\/byrost.bcardmexico.com\/index.php\/product\/veladora-esoterica-2\/#primaryimage\"},\"image\":{\"@id\":\"https:\/\/byrost.bcardmexico.com\/index.php\/product\/veladora-esoterica-2\/#primaryimage\"},\"thumbnailUrl\":\"https:\/\/byrost.bcardmexico.com\/wp-content\/uploads\/2026\/03\/Veladora-Esoterica.jpg\",\"datePublished\":\"2026-03-01T23:31:48+00:00\",\"dateModified\":\"2026-03-01T23:32:45+00:00\",\"breadcrumb\":{\"@id\":\"https:\/\/byrost.bcardmexico.com\/index.php\/product\/veladora-esoterica-2\/#breadcrumb\"},\"inLanguage\":\"en-US\",\"potentialAction\":[{\"@type\":\"ReadAction\",\"target\":[\"https:\/\/byrost.bcardmexico.com\/index.php\/product\/veladora-esoterica-2\/\"]}]},{\"@type\":\"ImageObject\",\"inLanguage\":\"en-US\",\"@id\":\"https:\/\/byrost.bcardmexico.com\/index.php\/product\/veladora-esoterica-2\/#primaryimage\",\"url\":\"https:\/\/byrost.bcardmexico.com\/wp-content\/uploads\/2026\/03\/Veladora-Esoterica.jpg\",\"contentUrl\":\"https:\/\/byrost.bcardmexico.com\/wp-content\/uploads\/2026\/03\/Veladora-Esoterica.jpg\",\"width\":1080,\"height\":1080},{\"@type\":\"BreadcrumbList\",\"@id\":\"https:\/\/byrost.bcardmexico.com\/index.php\/product\/veladora-esoterica-2\/#breadcrumb\",\"itemListElement\":[{\"@type\":\"ListItem\",\"position\":1,\"name\":\"Home\",\"item\":\"https:\/\/byrost.bcardmexico.com\/\"},{\"@type\":\"ListItem\",\"position\":2,\"name\":\"Shop\",\"item\":\"https:\/\/byrost.bcardmexico.com\/index.php\/shop\/\"},{\"@type\":\"ListItem\",\"position\":3,\"name\":\"Veladora Esoterica 2\"}]},{\"@type\":\"WebSite\",\"@id\":\"https:\/\/byrost.bcardmexico.com\/#website\",\"url\":\"https:\/\/byrost.bcardmexico.com\/\",\"name\":\"ByRost\",\"description\":\"\",\"publisher\":{\"@id\":\"https:\/\/byrost.bcardmexico.com\/#organization\"},\"potentialAction\":[{\"@type\":\"SearchAction\",\"target\":{\"@type\":\"EntryPoint\",\"urlTemplate\":\"https:\/\/byrost.bcardmexico.com\/?s={search_term_string}\"},\"query-input\":{\"@type\":\"PropertyValueSpecification\",\"valueRequired\":true,\"valueName\":\"search_term_string\"}}],\"inLanguage\":\"en-US\"},{\"@type\":\"Organization\",\"@id\":\"https:\/\/byrost.bcardmexico.com\/#organization\",\"name\":\"ByRost\",\"url\":\"https:\/\/byrost.bcardmexico.com\/\",\"logo\":{\"@type\":\"ImageObject\",\"inLanguage\":\"en-US\",\"@id\":\"https:\/\/byrost.bcardmexico.com\/#\/schema\/logo\/image\/\",\"url\":\"https:\/\/byrost.bcardmexico.com\/wp-content\/uploads\/2023\/08\/Logo-2x.png\",\"contentUrl\":\"https:\/\/byrost.bcardmexico.com\/wp-content\/uploads\/2023\/08\/Logo-2x.png\",\"width\":222,\"height\":69,\"caption\":\"ByRost\"},\"image\":{\"@id\":\"https:\/\/byrost.bcardmexico.com\/#\/schema\/logo\/image\/\"}}]}<\/script>\n<!-- \/ Yoast SEO Premium plugin. -->","yoast_head_json":{"title":"Veladora Esoterica 2 - Future Investments","robots":{"index":"index","follow":"follow","max-snippet":"max-snippet:-1","max-image-preview":"max-image-preview:large","max-video-preview":"max-video-preview:-1"},"canonical":"https:\/\/byrost.bcardmexico.com\/index.php\/product\/veladora-esoterica-2\/","og_locale":"en_US","og_type":"article","og_title":"Veladora Esoterica 2","og_description":"deal para rituales, limpias y meditaciones Perfectas para quienes practican santer\u00eda, magia blanca o desean elevar su espiritualidad desde casa.","og_url":"https:\/\/byrost.bcardmexico.com\/index.php\/product\/veladora-esoterica-2\/","og_site_name":"Future Investments","article_modified_time":"2026-03-01T23:32:45+00:00","og_image":[{"width":1080,"height":1080,"url":"https:\/\/byrost.bcardmexico.com\/wp-content\/uploads\/2026\/03\/Veladora-Esoterica.jpg","type":"image\/jpeg"}],"twitter_card":"summary_large_image","twitter_misc":{"Est. reading time":"1 minute"},"schema":{"@context":"https:\/\/schema.org","@graph":[{"@type":"WebPage","@id":"https:\/\/byrost.bcardmexico.com\/index.php\/product\/veladora-esoterica-2\/","url":"https:\/\/byrost.bcardmexico.com\/index.php\/product\/veladora-esoterica-2\/","name":"Veladora Esoterica 2 - Future Investments","isPartOf":{"@id":"https:\/\/byrost.bcardmexico.com\/#website"},"primaryImageOfPage":{"@id":"https:\/\/byrost.bcardmexico.com\/index.php\/product\/veladora-esoterica-2\/#primaryimage"},"image":{"@id":"https:\/\/byrost.bcardmexico.com\/index.php\/product\/veladora-esoterica-2\/#primaryimage"},"thumbnailUrl":"https:\/\/byrost.bcardmexico.com\/wp-content\/uploads\/2026\/03\/Veladora-Esoterica.jpg","datePublished":"2026-03-01T23:31:48+00:00","dateModified":"2026-03-01T23:32:45+00:00","breadcrumb":{"@id":"https:\/\/byrost.bcardmexico.com\/index.php\/product\/veladora-esoterica-2\/#breadcrumb"},"inLanguage":"en-US","potentialAction":[{"@type":"ReadAction","target":["https:\/\/byrost.bcardmexico.com\/index.php\/product\/veladora-esoterica-2\/"]}]},{"@type":"ImageObject","inLanguage":"en-US","@id":"https:\/\/byrost.bcardmexico.com\/index.php\/product\/veladora-esoterica-2\/#primaryimage","url":"https:\/\/byrost.bcardmexico.com\/wp-content\/uploads\/2026\/03\/Veladora-Esoterica.jpg","contentUrl":"https:\/\/byrost.bcardmexico.com\/wp-content\/uploads\/2026\/03\/Veladora-Esoterica.jpg","width":1080,"height":1080},{"@type":"BreadcrumbList","@id":"https:\/\/byrost.bcardmexico.com\/index.php\/product\/veladora-esoterica-2\/#breadcrumb","itemListElement":[{"@type":"ListItem","position":1,"name":"Home","item":"https:\/\/byrost.bcardmexico.com\/"},{"@type":"ListItem","position":2,"name":"Shop","item":"https:\/\/byrost.bcardmexico.com\/index.php\/shop\/"},{"@type":"ListItem","position":3,"name":"Veladora Esoterica 2"}]},{"@type":"WebSite","@id":"https:\/\/byrost.bcardmexico.com\/#website","url":"https:\/\/byrost.bcardmexico.com\/","name":"ByRost","description":"","publisher":{"@id":"https:\/\/byrost.bcardmexico.com\/#organization"},"potentialAction":[{"@type":"SearchAction","target":{"@type":"EntryPoint","urlTemplate":"https:\/\/byrost.bcardmexico.com\/?s={search_term_string}"},"query-input":{"@type":"PropertyValueSpecification","valueRequired":true,"valueName":"search_term_string"}}],"inLanguage":"en-US"},{"@type":"Organization","@id":"https:\/\/byrost.bcardmexico.com\/#organization","name":"ByRost","url":"https:\/\/byrost.bcardmexico.com\/","logo":{"@type":"ImageObject","inLanguage":"en-US","@id":"https:\/\/byrost.bcardmexico.com\/#\/schema\/logo\/image\/","url":"https:\/\/byrost.bcardmexico.com\/wp-content\/uploads\/2023\/08\/Logo-2x.png","contentUrl":"https:\/\/byrost.bcardmexico.com\/wp-content\/uploads\/2023\/08\/Logo-2x.png","width":222,"height":69,"caption":"ByRost"},"image":{"@id":"https:\/\/byrost.bcardmexico.com\/#\/schema\/logo\/image\/"}}]}},"_links":{"self":[{"href":"https:\/\/byrost.bcardmexico.com\/index.php\/wp-json\/wp\/v2\/product\/1831","targetHints":{"allow":["GET"]}}],"collection":[{"href":"https:\/\/byrost.bcardmexico.com\/index.php\/wp-json\/wp\/v2\/product"}],"about":[{"href":"https:\/\/byrost.bcardmexico.com\/index.php\/wp-json\/wp\/v2\/types\/product"}],"replies":[{"embeddable":true,"href":"https:\/\/byrost.bcardmexico.com\/index.php\/wp-json\/wp\/v2\/comments?post=1831"}],"version-history":[{"count":1,"href":"https:\/\/byrost.bcardmexico.com\/index.php\/wp-json\/wp\/v2\/product\/1831\/revisions"}],"predecessor-version":[{"id":1833,"href":"https:\/\/byrost.bcardmexico.com\/index.php\/wp-json\/wp\/v2\/product\/1831\/revisions\/1833"}],"wp:featuredmedia":[{"embeddable":true,"href":"https:\/\/byrost.bcardmexico.com\/index.php\/wp-json\/wp\/v2\/media\/1832"}],"wp:attachment":[{"href":"https:\/\/byrost.bcardmexico.com\/index.php\/wp-json\/wp\/v2\/media?parent=1831"}],"wp:term":[{"taxonomy":"brand","embeddable":true,"href":"https:\/\/byrost.bcardmexico.com\/index.php\/wp-json\/wp\/v2\/etheme_brands?post=1831"},{"taxonomy":"product_brand","embeddable":true,"href":"https:\/\/byrost.bcardmexico.com\/index.php\/wp-json\/wp\/v2\/product_brand?post=1831"},{"taxonomy":"product_cat","embeddable":true,"href":"https:\/\/byrost.bcardmexico.com\/index.php\/wp-json\/wp\/v2\/product_cat?post=1831"},{"taxonomy":"product_tag","embeddable":true,"href":"https:\/\/byrost.bcardmexico.com\/index.php\/wp-json\/wp\/v2\/product_tag?post=1831"}],"curies":[{"name":"wp","href":"https:\/\/api.w.org\/{rel}","templated":true}]}}