{"id":1827,"date":"2026-03-01T23:29:03","date_gmt":"2026-03-01T23:29:03","guid":{"rendered":"https:\/\/byrost.bcardmexico.com\/?post_type=product&#038;p=1827"},"modified":"2026-03-01T23:29:55","modified_gmt":"2026-03-01T23:29:55","slug":"incienso-arrasa-todo","status":"publish","type":"product","link":"https:\/\/byrost.bcardmexico.com\/index.php\/product\/incienso-arrasa-todo\/","title":{"rendered":"INCIENSO Arrasa Todo"},"content":{"rendered":"<p>## Propiedades y significado El incienso de 7 potencias se considera un elemento poderoso para: 1. *Protecci\u00f3n y defensa*: Se cree que protege contra energ\u00edas negativas, malas intenciones y entidades espirituales no deseadas. 2. *Atraer bendiciones y prosperidad*: Se asocia con la atracci\u00f3n de bendiciones, prosperidad y buena suerte. 3. *Purificaci\u00f3n y limpieza*: Se utiliza para purificar y limpiar espacios, objetos y personas de energ\u00edas negativas. 4. *Conexi\u00f3n con los orishas y esp\u00edritus*: En el vud\u00fa, se utiliza para establecer una conexi\u00f3n con los orishas y esp\u00edritus, solicitando su gu\u00eda y protecci\u00f3n.<\/p>\n","protected":false},"excerpt":{"rendered":"<p>El incienio de 7 potencias es un tipo de incienso utilizado en diversas tradiciones espirituales y religiosas, especialmente en el vud\u00fa. A continuaci\u00f3n, te presento algunos de los usos y beneficios atribuidos al incienso de 7 potencias:<\/p>\n","protected":false},"featured_media":1828,"comment_status":"open","ping_status":"closed","template":"","meta":[],"etheme_brands":[],"product_brand":[],"product_cat":[26],"product_tag":[],"class_list":{"0":"post-1827","1":"product","2":"type-product","3":"status-publish","4":"has-post-thumbnail","6":"product_cat-inciensos","8":"first","9":"instock","10":"shipping-taxable","11":"product-type-simple"},"yoast_head":"<!-- This site is optimized with the Yoast SEO Premium plugin v23.4 (Yoast SEO v23.4) - https:\/\/yoast.com\/wordpress\/plugins\/seo\/ -->\n<title>INCIENSO Arrasa Todo - Future Investments<\/title>\n<meta name=\"robots\" content=\"index, follow, max-snippet:-1, max-image-preview:large, max-video-preview:-1\" \/>\n<link rel=\"canonical\" href=\"https:\/\/byrost.bcardmexico.com\/index.php\/product\/incienso-arrasa-todo\/\" \/>\n<meta property=\"og:locale\" content=\"en_US\" \/>\n<meta property=\"og:type\" content=\"article\" \/>\n<meta property=\"og:title\" content=\"INCIENSO Arrasa Todo\" \/>\n<meta property=\"og:description\" content=\"El incienio de 7 potencias es un tipo de incienso utilizado en diversas tradiciones espirituales y religiosas, especialmente en el vud\u00fa. A continuaci\u00f3n, te presento algunos de los usos y beneficios atribuidos al incienso de 7 potencias:\" \/>\n<meta property=\"og:url\" content=\"https:\/\/byrost.bcardmexico.com\/index.php\/product\/incienso-arrasa-todo\/\" \/>\n<meta property=\"og:site_name\" content=\"Future Investments\" \/>\n<meta property=\"article:modified_time\" content=\"2026-03-01T23:29:55+00:00\" \/>\n<meta property=\"og:image\" content=\"https:\/\/byrost.bcardmexico.com\/wp-content\/uploads\/2026\/03\/Incienso-Arrasatodo.jpg\" \/>\n\t<meta property=\"og:image:width\" content=\"1080\" \/>\n\t<meta property=\"og:image:height\" content=\"1080\" \/>\n\t<meta property=\"og:image:type\" content=\"image\/jpeg\" \/>\n<meta name=\"twitter:card\" content=\"summary_large_image\" \/>\n<script type=\"application\/ld+json\" class=\"yoast-schema-graph\">{\"@context\":\"https:\/\/schema.org\",\"@graph\":[{\"@type\":\"WebPage\",\"@id\":\"https:\/\/byrost.bcardmexico.com\/index.php\/product\/incienso-arrasa-todo\/\",\"url\":\"https:\/\/byrost.bcardmexico.com\/index.php\/product\/incienso-arrasa-todo\/\",\"name\":\"INCIENSO Arrasa Todo - Future Investments\",\"isPartOf\":{\"@id\":\"https:\/\/byrost.bcardmexico.com\/#website\"},\"primaryImageOfPage\":{\"@id\":\"https:\/\/byrost.bcardmexico.com\/index.php\/product\/incienso-arrasa-todo\/#primaryimage\"},\"image\":{\"@id\":\"https:\/\/byrost.bcardmexico.com\/index.php\/product\/incienso-arrasa-todo\/#primaryimage\"},\"thumbnailUrl\":\"https:\/\/byrost.bcardmexico.com\/wp-content\/uploads\/2026\/03\/Incienso-Arrasatodo.jpg\",\"datePublished\":\"2026-03-01T23:29:03+00:00\",\"dateModified\":\"2026-03-01T23:29:55+00:00\",\"breadcrumb\":{\"@id\":\"https:\/\/byrost.bcardmexico.com\/index.php\/product\/incienso-arrasa-todo\/#breadcrumb\"},\"inLanguage\":\"en-US\",\"potentialAction\":[{\"@type\":\"ReadAction\",\"target\":[\"https:\/\/byrost.bcardmexico.com\/index.php\/product\/incienso-arrasa-todo\/\"]}]},{\"@type\":\"ImageObject\",\"inLanguage\":\"en-US\",\"@id\":\"https:\/\/byrost.bcardmexico.com\/index.php\/product\/incienso-arrasa-todo\/#primaryimage\",\"url\":\"https:\/\/byrost.bcardmexico.com\/wp-content\/uploads\/2026\/03\/Incienso-Arrasatodo.jpg\",\"contentUrl\":\"https:\/\/byrost.bcardmexico.com\/wp-content\/uploads\/2026\/03\/Incienso-Arrasatodo.jpg\",\"width\":1080,\"height\":1080},{\"@type\":\"BreadcrumbList\",\"@id\":\"https:\/\/byrost.bcardmexico.com\/index.php\/product\/incienso-arrasa-todo\/#breadcrumb\",\"itemListElement\":[{\"@type\":\"ListItem\",\"position\":1,\"name\":\"Home\",\"item\":\"https:\/\/byrost.bcardmexico.com\/\"},{\"@type\":\"ListItem\",\"position\":2,\"name\":\"Shop\",\"item\":\"https:\/\/byrost.bcardmexico.com\/index.php\/shop\/\"},{\"@type\":\"ListItem\",\"position\":3,\"name\":\"INCIENSO Arrasa Todo\"}]},{\"@type\":\"WebSite\",\"@id\":\"https:\/\/byrost.bcardmexico.com\/#website\",\"url\":\"https:\/\/byrost.bcardmexico.com\/\",\"name\":\"ByRost\",\"description\":\"\",\"publisher\":{\"@id\":\"https:\/\/byrost.bcardmexico.com\/#organization\"},\"potentialAction\":[{\"@type\":\"SearchAction\",\"target\":{\"@type\":\"EntryPoint\",\"urlTemplate\":\"https:\/\/byrost.bcardmexico.com\/?s={search_term_string}\"},\"query-input\":{\"@type\":\"PropertyValueSpecification\",\"valueRequired\":true,\"valueName\":\"search_term_string\"}}],\"inLanguage\":\"en-US\"},{\"@type\":\"Organization\",\"@id\":\"https:\/\/byrost.bcardmexico.com\/#organization\",\"name\":\"ByRost\",\"url\":\"https:\/\/byrost.bcardmexico.com\/\",\"logo\":{\"@type\":\"ImageObject\",\"inLanguage\":\"en-US\",\"@id\":\"https:\/\/byrost.bcardmexico.com\/#\/schema\/logo\/image\/\",\"url\":\"https:\/\/byrost.bcardmexico.com\/wp-content\/uploads\/2023\/08\/Logo-2x.png\",\"contentUrl\":\"https:\/\/byrost.bcardmexico.com\/wp-content\/uploads\/2023\/08\/Logo-2x.png\",\"width\":222,\"height\":69,\"caption\":\"ByRost\"},\"image\":{\"@id\":\"https:\/\/byrost.bcardmexico.com\/#\/schema\/logo\/image\/\"}}]}<\/script>\n<!-- \/ Yoast SEO Premium plugin. -->","yoast_head_json":{"title":"INCIENSO Arrasa Todo - Future Investments","robots":{"index":"index","follow":"follow","max-snippet":"max-snippet:-1","max-image-preview":"max-image-preview:large","max-video-preview":"max-video-preview:-1"},"canonical":"https:\/\/byrost.bcardmexico.com\/index.php\/product\/incienso-arrasa-todo\/","og_locale":"en_US","og_type":"article","og_title":"INCIENSO Arrasa Todo","og_description":"El incienio de 7 potencias es un tipo de incienso utilizado en diversas tradiciones espirituales y religiosas, especialmente en el vud\u00fa. A continuaci\u00f3n, te presento algunos de los usos y beneficios atribuidos al incienso de 7 potencias:","og_url":"https:\/\/byrost.bcardmexico.com\/index.php\/product\/incienso-arrasa-todo\/","og_site_name":"Future Investments","article_modified_time":"2026-03-01T23:29:55+00:00","og_image":[{"width":1080,"height":1080,"url":"https:\/\/byrost.bcardmexico.com\/wp-content\/uploads\/2026\/03\/Incienso-Arrasatodo.jpg","type":"image\/jpeg"}],"twitter_card":"summary_large_image","schema":{"@context":"https:\/\/schema.org","@graph":[{"@type":"WebPage","@id":"https:\/\/byrost.bcardmexico.com\/index.php\/product\/incienso-arrasa-todo\/","url":"https:\/\/byrost.bcardmexico.com\/index.php\/product\/incienso-arrasa-todo\/","name":"INCIENSO Arrasa Todo - Future Investments","isPartOf":{"@id":"https:\/\/byrost.bcardmexico.com\/#website"},"primaryImageOfPage":{"@id":"https:\/\/byrost.bcardmexico.com\/index.php\/product\/incienso-arrasa-todo\/#primaryimage"},"image":{"@id":"https:\/\/byrost.bcardmexico.com\/index.php\/product\/incienso-arrasa-todo\/#primaryimage"},"thumbnailUrl":"https:\/\/byrost.bcardmexico.com\/wp-content\/uploads\/2026\/03\/Incienso-Arrasatodo.jpg","datePublished":"2026-03-01T23:29:03+00:00","dateModified":"2026-03-01T23:29:55+00:00","breadcrumb":{"@id":"https:\/\/byrost.bcardmexico.com\/index.php\/product\/incienso-arrasa-todo\/#breadcrumb"},"inLanguage":"en-US","potentialAction":[{"@type":"ReadAction","target":["https:\/\/byrost.bcardmexico.com\/index.php\/product\/incienso-arrasa-todo\/"]}]},{"@type":"ImageObject","inLanguage":"en-US","@id":"https:\/\/byrost.bcardmexico.com\/index.php\/product\/incienso-arrasa-todo\/#primaryimage","url":"https:\/\/byrost.bcardmexico.com\/wp-content\/uploads\/2026\/03\/Incienso-Arrasatodo.jpg","contentUrl":"https:\/\/byrost.bcardmexico.com\/wp-content\/uploads\/2026\/03\/Incienso-Arrasatodo.jpg","width":1080,"height":1080},{"@type":"BreadcrumbList","@id":"https:\/\/byrost.bcardmexico.com\/index.php\/product\/incienso-arrasa-todo\/#breadcrumb","itemListElement":[{"@type":"ListItem","position":1,"name":"Home","item":"https:\/\/byrost.bcardmexico.com\/"},{"@type":"ListItem","position":2,"name":"Shop","item":"https:\/\/byrost.bcardmexico.com\/index.php\/shop\/"},{"@type":"ListItem","position":3,"name":"INCIENSO Arrasa Todo"}]},{"@type":"WebSite","@id":"https:\/\/byrost.bcardmexico.com\/#website","url":"https:\/\/byrost.bcardmexico.com\/","name":"ByRost","description":"","publisher":{"@id":"https:\/\/byrost.bcardmexico.com\/#organization"},"potentialAction":[{"@type":"SearchAction","target":{"@type":"EntryPoint","urlTemplate":"https:\/\/byrost.bcardmexico.com\/?s={search_term_string}"},"query-input":{"@type":"PropertyValueSpecification","valueRequired":true,"valueName":"search_term_string"}}],"inLanguage":"en-US"},{"@type":"Organization","@id":"https:\/\/byrost.bcardmexico.com\/#organization","name":"ByRost","url":"https:\/\/byrost.bcardmexico.com\/","logo":{"@type":"ImageObject","inLanguage":"en-US","@id":"https:\/\/byrost.bcardmexico.com\/#\/schema\/logo\/image\/","url":"https:\/\/byrost.bcardmexico.com\/wp-content\/uploads\/2023\/08\/Logo-2x.png","contentUrl":"https:\/\/byrost.bcardmexico.com\/wp-content\/uploads\/2023\/08\/Logo-2x.png","width":222,"height":69,"caption":"ByRost"},"image":{"@id":"https:\/\/byrost.bcardmexico.com\/#\/schema\/logo\/image\/"}}]}},"_links":{"self":[{"href":"https:\/\/byrost.bcardmexico.com\/index.php\/wp-json\/wp\/v2\/product\/1827","targetHints":{"allow":["GET"]}}],"collection":[{"href":"https:\/\/byrost.bcardmexico.com\/index.php\/wp-json\/wp\/v2\/product"}],"about":[{"href":"https:\/\/byrost.bcardmexico.com\/index.php\/wp-json\/wp\/v2\/types\/product"}],"replies":[{"embeddable":true,"href":"https:\/\/byrost.bcardmexico.com\/index.php\/wp-json\/wp\/v2\/comments?post=1827"}],"version-history":[{"count":1,"href":"https:\/\/byrost.bcardmexico.com\/index.php\/wp-json\/wp\/v2\/product\/1827\/revisions"}],"predecessor-version":[{"id":1829,"href":"https:\/\/byrost.bcardmexico.com\/index.php\/wp-json\/wp\/v2\/product\/1827\/revisions\/1829"}],"wp:featuredmedia":[{"embeddable":true,"href":"https:\/\/byrost.bcardmexico.com\/index.php\/wp-json\/wp\/v2\/media\/1828"}],"wp:attachment":[{"href":"https:\/\/byrost.bcardmexico.com\/index.php\/wp-json\/wp\/v2\/media?parent=1827"}],"wp:term":[{"taxonomy":"brand","embeddable":true,"href":"https:\/\/byrost.bcardmexico.com\/index.php\/wp-json\/wp\/v2\/etheme_brands?post=1827"},{"taxonomy":"product_brand","embeddable":true,"href":"https:\/\/byrost.bcardmexico.com\/index.php\/wp-json\/wp\/v2\/product_brand?post=1827"},{"taxonomy":"product_cat","embeddable":true,"href":"https:\/\/byrost.bcardmexico.com\/index.php\/wp-json\/wp\/v2\/product_cat?post=1827"},{"taxonomy":"product_tag","embeddable":true,"href":"https:\/\/byrost.bcardmexico.com\/index.php\/wp-json\/wp\/v2\/product_tag?post=1827"}],"curies":[{"name":"wp","href":"https:\/\/api.w.org\/{rel}","templated":true}]}}